{"id":87,"date":"2024-01-08T15:01:50","date_gmt":"2024-01-08T14:01:50","guid":{"rendered":"https:\/\/gite-kergonan.fr\/?page_id=87"},"modified":"2025-12-07T17:16:29","modified_gmt":"2025-12-07T16:16:29","slug":"__trashed-2","status":"publish","type":"page","link":"https:\/\/gite-kergonan.fr\/?page_id=87","title":{"rendered":"Circuits d\u00e9couvertes"},"content":{"rendered":"\n<p><strong>En partant de Kergonan \u00e0 Elven<\/strong><\/p>\n\n\n\n<p><strong>7&nbsp; Circuits touristiques et visites \u00e0 faire en une journ\u00e9e.<\/strong><\/p>\n\n\n\n<ul class=\"wp-block-list\">\n<li>D\u00e9part d\u2019Elven pour rejoindre ( 20 minutes)Rochefort en terre( petite&nbsp; cit\u00e9e de caract\u00e8re),La Gacilly et son festival photographique en ext\u00e9rieur (plus grand festival photo de France) sur la nature et l\u2019homme, Malestroit (ses vieux quartiers, le canal de Nantes \u00e0 Brest), retour \u00e0 Elven.<\/li>\n<\/ul>\n\n\n\n<ul class=\"wp-block-list\">\n<li>&nbsp;D\u00e9part en direction d\u2019Auray, Plouharnel, Presqu\u2019\u00eele de Quiberon (c\u00f4te sauvage) retour par Carnac (m\u00e9galithes) La Trinit\u00e9 (son port), par la route c\u00f4ti\u00e8re vers Locmariaquer, Auray (balade sur le port, les vieux quartiers).<\/li>\n<\/ul>\n\n\n\n<ul class=\"wp-block-list\">\n<li>Presqu\u2019\u00eele de Rhuys en direction de Sarzeau, prendre la route c\u00f4ti\u00e8re ou route de l\u2019huitre c\u00f4t\u00e9 Golfe du Morbihan. Sarzeau, Port Navalo, Arzon (cairn du petit Mont), c\u00f4t\u00e9 Atlantique, Saint Gildas de Rhuys, Ch\u00e2teau de Suscinio, les plages (Suscinio, Penvins\u2026) cerf volant, kitesurf. Passer par Surzur, le ch\u00e2teau du Plessis Josso avant le Gorvello (petit village typique, visite de la cidrerie), Sulniac et retour sur Elven.<\/li>\n<\/ul>\n\n\n\n<ul class=\"wp-block-list\">\n<li>Vannes, la vielle Ville, la Cath\u00e9drale, le mus\u00e9e de la Cohue, mus\u00e9e d\u2019Histoire et Arch\u00e9ologie, les rues pi\u00e9tonnes, le Port, les jardins des remparts, les jardins Eph\u00e9m\u00e8res, les march\u00e9s du Mercredi et du samedi matin \u2026 .<\/li>\n<\/ul>\n\n\n\n<ul class=\"wp-block-list\">\n<li>Le tour du golfe du Morbihan en bateau, \u00e0 la demi journ\u00e9e ou \u00e0 la journ\u00e9e, arr\u00eat possible sur l\u2019\u00eele aux Moines et\/ ou \u00eele d\u2019Arz (balades sur les chemins c\u00f4tiers, baignade).<\/li>\n<\/ul>\n\n\n\n<ul class=\"wp-block-list\">\n<li>La For\u00eat de Broc\u00e9liande et ses l\u00e9gendes (visites guid\u00e9es), Ploermel (Lac au Duc, Le chemin du Diable au Paradis des Hortensias, horloge)<\/li>\n<\/ul>\n\n\n\n<ul class=\"wp-block-list\">\n<li>Parc animalier &amp; botanique et Parcabout de Branf\u00e9r\u00e9 ( fondation Nicolas Hulot). Une belle journ\u00e9e en famille.<\/li>\n<\/ul>\n","protected":false},"excerpt":{"rendered":"<p>En partant de Kergonan \u00e0 Elven 7&nbsp; Circuits touristiques et visites \u00e0 faire en une journ\u00e9e.<\/p>\n","protected":false},"author":1,"featured_media":0,"parent":0,"menu_order":4,"comment_status":"closed","ping_status":"closed","template":"","meta":{"footnotes":""},"class_list":["post-87","page","type-page","status-publish","hentry","entry"],"_links":{"self":[{"href":"https:\/\/gite-kergonan.fr\/index.php?rest_route=\/wp\/v2\/pages\/87","targetHints":{"allow":["GET"]}}],"collection":[{"href":"https:\/\/gite-kergonan.fr\/index.php?rest_route=\/wp\/v2\/pages"}],"about":[{"href":"https:\/\/gite-kergonan.fr\/index.php?rest_route=\/wp\/v2\/types\/page"}],"author":[{"embeddable":true,"href":"https:\/\/gite-kergonan.fr\/index.php?rest_route=\/wp\/v2\/users\/1"}],"replies":[{"embeddable":true,"href":"https:\/\/gite-kergonan.fr\/index.php?rest_route=%2Fwp%2Fv2%2Fcomments&post=87"}],"version-history":[{"count":4,"href":"https:\/\/gite-kergonan.fr\/index.php?rest_route=\/wp\/v2\/pages\/87\/revisions"}],"predecessor-version":[{"id":428,"href":"https:\/\/gite-kergonan.fr\/index.php?rest_route=\/wp\/v2\/pages\/87\/revisions\/428"}],"wp:attachment":[{"href":"https:\/\/gite-kergonan.fr\/index.php?rest_route=%2Fwp%2Fv2%2Fmedia&parent=87"}],"curies":[{"name":"wp","href":"https:\/\/api.w.org\/{rel}","templated":true}]}}