{"id":50,"date":"2023-12-13T21:45:31","date_gmt":"2023-12-13T20:45:31","guid":{"rendered":"https:\/\/gite-kergonan.fr\/?page_id=50"},"modified":"2026-04-15T18:09:52","modified_gmt":"2026-04-15T16:09:52","slug":"gite-nautilus-2-3-personnes","status":"publish","type":"page","link":"https:\/\/gite-kergonan.fr\/?page_id=50","title":{"rendered":"G\u00eete Nautilus"},"content":{"rendered":"\n<figure class=\"wp-block-image size-large\"><img loading=\"lazy\" decoding=\"async\" width=\"1024\" height=\"682\" src=\"http:\/\/gite-kergonan.fr\/wp-content\/uploads\/2023\/12\/FKL_7324-1024x682.jpg\" alt=\"\" class=\"wp-image-52\" srcset=\"https:\/\/gite-kergonan.fr\/wp-content\/uploads\/2023\/12\/FKL_7324-1024x682.jpg 1024w, https:\/\/gite-kergonan.fr\/wp-content\/uploads\/2023\/12\/FKL_7324-300x200.jpg 300w, https:\/\/gite-kergonan.fr\/wp-content\/uploads\/2023\/12\/FKL_7324-768x512.jpg 768w, https:\/\/gite-kergonan.fr\/wp-content\/uploads\/2023\/12\/FKL_7324-1536x1024.jpg 1536w, https:\/\/gite-kergonan.fr\/wp-content\/uploads\/2023\/12\/FKL_7324-1140x760.jpg 1140w, https:\/\/gite-kergonan.fr\/wp-content\/uploads\/2023\/12\/FKL_7324.jpg 1772w\" sizes=\"auto, (max-width: 1024px) 100vw, 1024px\" \/><\/figure>\n\n\n\n<p>A l&#8217;\u00e9tage d&#8217;une aile de notre domaine, face au bois, avec terrasse en hauteur, le G\u00eete Nautilus vous donnera l&#8217;impression d&#8217;\u00eatre dans un arbre<\/p>\n\n\n\n<p>Compos\u00e9 d&#8217;une salle de vie avec cuisine \u00e9quip\u00e9e, d&#8217;une chambre avec lit de 160 , d&#8217;une salle d&#8217;eau, toilette et d&#8217;une alc\u00f4ve avec un lit de 90.<\/p>\n\n\n\n<figure class=\"wp-block-image size-large\"><img loading=\"lazy\" decoding=\"async\" width=\"1024\" height=\"705\" src=\"http:\/\/gite-kergonan.fr\/wp-content\/uploads\/2023\/12\/FKL_7327-1024x705.jpg\" alt=\"\" class=\"wp-image-55\" srcset=\"https:\/\/gite-kergonan.fr\/wp-content\/uploads\/2023\/12\/FKL_7327-1024x705.jpg 1024w, https:\/\/gite-kergonan.fr\/wp-content\/uploads\/2023\/12\/FKL_7327-300x207.jpg 300w, https:\/\/gite-kergonan.fr\/wp-content\/uploads\/2023\/12\/FKL_7327-768x529.jpg 768w, https:\/\/gite-kergonan.fr\/wp-content\/uploads\/2023\/12\/FKL_7327-1536x1057.jpg 1536w, https:\/\/gite-kergonan.fr\/wp-content\/uploads\/2023\/12\/FKL_7327-1140x785.jpg 1140w, https:\/\/gite-kergonan.fr\/wp-content\/uploads\/2023\/12\/FKL_7327.jpg 1627w\" sizes=\"auto, (max-width: 1024px) 100vw, 1024px\" \/><\/figure>\n\n\n\n<figure class=\"wp-block-image size-large\"><img loading=\"lazy\" decoding=\"async\" width=\"1024\" height=\"702\" src=\"http:\/\/gite-kergonan.fr\/wp-content\/uploads\/2023\/12\/FKL_7330-1024x702.jpg\" alt=\"\" class=\"wp-image-56\" srcset=\"https:\/\/gite-kergonan.fr\/wp-content\/uploads\/2023\/12\/FKL_7330-1024x702.jpg 1024w, https:\/\/gite-kergonan.fr\/wp-content\/uploads\/2023\/12\/FKL_7330-300x206.jpg 300w, https:\/\/gite-kergonan.fr\/wp-content\/uploads\/2023\/12\/FKL_7330-768x527.jpg 768w, https:\/\/gite-kergonan.fr\/wp-content\/uploads\/2023\/12\/FKL_7330-1536x1053.jpg 1536w, https:\/\/gite-kergonan.fr\/wp-content\/uploads\/2023\/12\/FKL_7330-1140x782.jpg 1140w, https:\/\/gite-kergonan.fr\/wp-content\/uploads\/2023\/12\/FKL_7330.jpg 1606w\" sizes=\"auto, (max-width: 1024px) 100vw, 1024px\" \/><\/figure>\n\n\n\n<figure class=\"wp-block-image size-large\"><img loading=\"lazy\" decoding=\"async\" width=\"1024\" height=\"681\" src=\"https:\/\/gite-kergonan.fr\/wp-content\/uploads\/2024\/02\/DSC_9334-web-1024x681.jpg\" alt=\"\" class=\"wp-image-361\" srcset=\"https:\/\/gite-kergonan.fr\/wp-content\/uploads\/2024\/02\/DSC_9334-web-1024x681.jpg 1024w, https:\/\/gite-kergonan.fr\/wp-content\/uploads\/2024\/02\/DSC_9334-web-300x200.jpg 300w, https:\/\/gite-kergonan.fr\/wp-content\/uploads\/2024\/02\/DSC_9334-web-768x511.jpg 768w, https:\/\/gite-kergonan.fr\/wp-content\/uploads\/2024\/02\/DSC_9334-web.jpg 1417w\" sizes=\"auto, (max-width: 1024px) 100vw, 1024px\" \/><\/figure>\n\n\n\n<figure class=\"wp-block-image size-large\"><img loading=\"lazy\" decoding=\"async\" width=\"1024\" height=\"682\" src=\"https:\/\/gite-kergonan.fr\/wp-content\/uploads\/2024\/02\/DSC_9332-web-1024x682.jpg\" alt=\"\" class=\"wp-image-366\" srcset=\"https:\/\/gite-kergonan.fr\/wp-content\/uploads\/2024\/02\/DSC_9332-web-1024x682.jpg 1024w, https:\/\/gite-kergonan.fr\/wp-content\/uploads\/2024\/02\/DSC_9332-web-300x200.jpg 300w, https:\/\/gite-kergonan.fr\/wp-content\/uploads\/2024\/02\/DSC_9332-web-768x511.jpg 768w, https:\/\/gite-kergonan.fr\/wp-content\/uploads\/2024\/02\/DSC_9332-web.jpg 1181w\" sizes=\"auto, (max-width: 1024px) 100vw, 1024px\" \/><\/figure>\n\n\n\n<figure class=\"wp-block-image size-large\"><img loading=\"lazy\" decoding=\"async\" width=\"1024\" height=\"681\" src=\"https:\/\/gite-kergonan.fr\/wp-content\/uploads\/2024\/02\/DSC_9333-web-1024x681.jpg\" alt=\"\" class=\"wp-image-362\" srcset=\"https:\/\/gite-kergonan.fr\/wp-content\/uploads\/2024\/02\/DSC_9333-web-1024x681.jpg 1024w, https:\/\/gite-kergonan.fr\/wp-content\/uploads\/2024\/02\/DSC_9333-web-300x200.jpg 300w, https:\/\/gite-kergonan.fr\/wp-content\/uploads\/2024\/02\/DSC_9333-web-768x511.jpg 768w, https:\/\/gite-kergonan.fr\/wp-content\/uploads\/2024\/02\/DSC_9333-web.jpg 1417w\" sizes=\"auto, (max-width: 1024px) 100vw, 1024px\" \/><\/figure>\n\n\n\n<figure class=\"wp-block-image size-large\"><img loading=\"lazy\" decoding=\"async\" width=\"1024\" height=\"681\" src=\"https:\/\/gite-kergonan.fr\/wp-content\/uploads\/2024\/02\/DSC_9338-web-1024x681.jpg\" alt=\"\" class=\"wp-image-363\" srcset=\"https:\/\/gite-kergonan.fr\/wp-content\/uploads\/2024\/02\/DSC_9338-web-1024x681.jpg 1024w, https:\/\/gite-kergonan.fr\/wp-content\/uploads\/2024\/02\/DSC_9338-web-300x200.jpg 300w, https:\/\/gite-kergonan.fr\/wp-content\/uploads\/2024\/02\/DSC_9338-web-768x511.jpg 768w, https:\/\/gite-kergonan.fr\/wp-content\/uploads\/2024\/02\/DSC_9338-web.jpg 1417w\" sizes=\"auto, (max-width: 1024px) 100vw, 1024px\" \/><\/figure>\n\n\n\n<figure class=\"wp-block-image size-large\"><img loading=\"lazy\" decoding=\"async\" width=\"684\" height=\"1024\" src=\"https:\/\/gite-kergonan.fr\/wp-content\/uploads\/2024\/02\/DSC_9153-web-684x1024.jpg\" alt=\"\" class=\"wp-image-367\" srcset=\"https:\/\/gite-kergonan.fr\/wp-content\/uploads\/2024\/02\/DSC_9153-web-684x1024.jpg 684w, https:\/\/gite-kergonan.fr\/wp-content\/uploads\/2024\/02\/DSC_9153-web-200x300.jpg 200w, https:\/\/gite-kergonan.fr\/wp-content\/uploads\/2024\/02\/DSC_9153-web-768x1150.jpg 768w, https:\/\/gite-kergonan.fr\/wp-content\/uploads\/2024\/02\/DSC_9153-web-1026x1536.jpg 1026w, https:\/\/gite-kergonan.fr\/wp-content\/uploads\/2024\/02\/DSC_9153-web.jpg 1135w\" sizes=\"auto, (max-width: 684px) 100vw, 684px\" \/><\/figure>\n\n\n\n<p>                           Planning disponibilit\u00e9s G\u00eete Nautilus<\/p>\n\n\n\n<p><a href=\"https:\/\/api.host.holidu.com\/pmc\/rest\/apartments\/65478334\/ical.ics?key=8b3e40e85314b62f4dd8792bbfa0d190\">https:\/\/api.host.holidu.com\/pmc\/rest\/apartments\/65478334\/ical.ics?key=8b3e40e85314b62f4dd8792bbfa0d190<\/a><\/p>\n\n\n\nhttps:\/\/api.host.holidu.com\/pmc\/rest\/apartments\/65478334\/ical.ics?key=8b3e40e85314b62f4dd8792bbfa0d190\n\n\n\n<p><\/p>\n","protected":false},"excerpt":{"rendered":"<p>A l&#8217;\u00e9tage d&#8217;une aile de notre domaine, face au bois, avec terrasse en hauteur, le G\u00eete Nautilus vous donnera l&#8217;impression d&#8217;\u00eatre dans un arbre Compos\u00e9 d&#8217;une salle de vie avec cuisine \u00e9quip\u00e9e, d&#8217;une chambre avec lit de 160 , d&#8217;une salle d&#8217;eau, toilette et d&#8217;une alc\u00f4ve avec un lit de 90. Planning disponibilit\u00e9s G\u00eete Nautilus&hellip; <a class=\"more-link\" href=\"https:\/\/gite-kergonan.fr\/?page_id=50\">Continue reading <span class=\"screen-reader-text\">G\u00eete Nautilus<\/span><\/a><\/p>\n","protected":false},"author":1,"featured_media":0,"parent":0,"menu_order":-3,"comment_status":"closed","ping_status":"closed","template":"","meta":{"footnotes":""},"class_list":["post-50","page","type-page","status-publish","hentry","entry"],"_links":{"self":[{"href":"https:\/\/gite-kergonan.fr\/index.php?rest_route=\/wp\/v2\/pages\/50","targetHints":{"allow":["GET"]}}],"collection":[{"href":"https:\/\/gite-kergonan.fr\/index.php?rest_route=\/wp\/v2\/pages"}],"about":[{"href":"https:\/\/gite-kergonan.fr\/index.php?rest_route=\/wp\/v2\/types\/page"}],"author":[{"embeddable":true,"href":"https:\/\/gite-kergonan.fr\/index.php?rest_route=\/wp\/v2\/users\/1"}],"replies":[{"embeddable":true,"href":"https:\/\/gite-kergonan.fr\/index.php?rest_route=%2Fwp%2Fv2%2Fcomments&post=50"}],"version-history":[{"count":22,"href":"https:\/\/gite-kergonan.fr\/index.php?rest_route=\/wp\/v2\/pages\/50\/revisions"}],"predecessor-version":[{"id":442,"href":"https:\/\/gite-kergonan.fr\/index.php?rest_route=\/wp\/v2\/pages\/50\/revisions\/442"}],"wp:attachment":[{"href":"https:\/\/gite-kergonan.fr\/index.php?rest_route=%2Fwp%2Fv2%2Fmedia&parent=50"}],"curies":[{"name":"wp","href":"https:\/\/api.w.org\/{rel}","templated":true}]}}