{"id":24,"date":"2023-12-13T14:42:57","date_gmt":"2023-12-13T13:42:57","guid":{"rendered":"https:\/\/gite-kergonan.fr\/?page_id=24"},"modified":"2024-01-13T15:02:58","modified_gmt":"2024-01-13T14:02:58","slug":"gite-peigne-de-venus","status":"publish","type":"page","link":"https:\/\/gite-kergonan.fr\/?page_id=24","title":{"rendered":"G\u00eete Peigne de V\u00e9nus"},"content":{"rendered":"\n<p>Le g\u00eete est constitu\u00e9 d&#8217;une pi\u00e8ce de vie avec table, t\u00e9l\u00e9vision, fauteuils, d&#8217;une cuisine avec plaque vitro c\u00e9ramique, four, micro onde, r\u00e9frig\u00e9rateur, cafeti\u00e8re &#8230;, d&#8217;une chambre avec lit de 160, un petit bureau et d&#8217;une salle d&#8217;eau avec douche \u00e0 l&#8217;italienne et wc.<\/p>\n\n\n\n<p class=\"has-text-align-left\">Une terrasse privative avec table de jardin et relax pour votre repos. <\/p>\n\n\n\n<figure class=\"wp-block-gallery has-nested-images columns-2 is-cropped wp-block-gallery-1 is-layout-flex wp-block-gallery-is-layout-flex\">\n<figure class=\"wp-block-image size-large\"><img loading=\"lazy\" decoding=\"async\" width=\"1024\" height=\"672\" data-id=\"28\" src=\"https:\/\/gite-kergonan.fr\/wp-content\/uploads\/2023\/12\/FKL_7376-1024x672.jpg\" alt=\"\" class=\"wp-image-28\"\/><\/figure>\n\n\n\n<figure class=\"wp-block-image size-large\"><img loading=\"lazy\" decoding=\"async\" width=\"682\" height=\"1024\" data-id=\"29\" src=\"https:\/\/gite-kergonan.fr\/wp-content\/uploads\/2023\/12\/FKL_7379-682x1024.jpg\" alt=\"\" class=\"wp-image-29\"\/><\/figure>\n\n\n\n<figure class=\"wp-block-image size-large\"><img loading=\"lazy\" decoding=\"async\" width=\"682\" height=\"1024\" data-id=\"102\" src=\"https:\/\/gite-kergonan.fr\/wp-content\/uploads\/2023\/12\/FKL_7380-4-682x1024.jpg\" alt=\"\" class=\"wp-image-102\" srcset=\"https:\/\/gite-kergonan.fr\/wp-content\/uploads\/2023\/12\/FKL_7380-4-682x1024.jpg 682w, https:\/\/gite-kergonan.fr\/wp-content\/uploads\/2023\/12\/FKL_7380-4-200x300.jpg 200w, https:\/\/gite-kergonan.fr\/wp-content\/uploads\/2023\/12\/FKL_7380-4-768x1152.jpg 768w, https:\/\/gite-kergonan.fr\/wp-content\/uploads\/2023\/12\/FKL_7380-4-1024x1536.jpg 1024w, https:\/\/gite-kergonan.fr\/wp-content\/uploads\/2023\/12\/FKL_7380-4-1140x1710.jpg 1140w, https:\/\/gite-kergonan.fr\/wp-content\/uploads\/2023\/12\/FKL_7380-4.jpg 1181w\" sizes=\"auto, (max-width: 682px) 100vw, 682px\" \/><\/figure>\n\n\n\n<figure class=\"wp-block-image size-large\"><img loading=\"lazy\" decoding=\"async\" width=\"1024\" height=\"682\" data-id=\"100\" src=\"https:\/\/gite-kergonan.fr\/wp-content\/uploads\/2023\/12\/FKL_7349-2-1024x682.jpg\" alt=\"\" class=\"wp-image-100\" srcset=\"https:\/\/gite-kergonan.fr\/wp-content\/uploads\/2023\/12\/FKL_7349-2-1024x682.jpg 1024w, https:\/\/gite-kergonan.fr\/wp-content\/uploads\/2023\/12\/FKL_7349-2-300x200.jpg 300w, https:\/\/gite-kergonan.fr\/wp-content\/uploads\/2023\/12\/FKL_7349-2-768x512.jpg 768w, https:\/\/gite-kergonan.fr\/wp-content\/uploads\/2023\/12\/FKL_7349-2-1536x1024.jpg 1536w, https:\/\/gite-kergonan.fr\/wp-content\/uploads\/2023\/12\/FKL_7349-2-1140x760.jpg 1140w, https:\/\/gite-kergonan.fr\/wp-content\/uploads\/2023\/12\/FKL_7349-2.jpg 1772w\" sizes=\"auto, (max-width: 1024px) 100vw, 1024px\" \/><\/figure>\n<\/figure>\n\n\n\n<figure class=\"wp-block-gallery has-nested-images columns-default is-cropped wp-block-gallery-2 is-layout-flex wp-block-gallery-is-layout-flex\">\n<figure data-wp-context=\"{&quot;imageId&quot;:&quot;69e06bb46eb38&quot;}\" data-wp-interactive=\"core\/image\" data-wp-key=\"69e06bb46eb38\" class=\"wp-block-image size-medium wp-lightbox-container\"><img loading=\"lazy\" decoding=\"async\" width=\"300\" height=\"199\" data-wp-class--hide=\"state.isContentHidden\" data-wp-class--show=\"state.isContentVisible\" data-wp-init=\"callbacks.setButtonStyles\" data-wp-on--click=\"actions.showLightbox\" data-wp-on--load=\"callbacks.setButtonStyles\" data-wp-on-window--resize=\"callbacks.setButtonStyles\" data-id=\"158\" src=\"https:\/\/gite-kergonan.fr\/wp-content\/uploads\/2024\/01\/FKL_4219-bis-300x199.jpg\" alt=\"\" class=\"wp-image-158\" srcset=\"https:\/\/gite-kergonan.fr\/wp-content\/uploads\/2024\/01\/FKL_4219-bis-300x199.jpg 300w, https:\/\/gite-kergonan.fr\/wp-content\/uploads\/2024\/01\/FKL_4219-bis-768x510.jpg 768w, https:\/\/gite-kergonan.fr\/wp-content\/uploads\/2024\/01\/FKL_4219-bis.jpg 945w\" sizes=\"auto, (max-width: 300px) 100vw, 300px\" \/><button\n\t\t\tclass=\"lightbox-trigger\"\n\t\t\ttype=\"button\"\n\t\t\taria-haspopup=\"dialog\"\n\t\t\taria-label=\"Enlarge\"\n\t\t\tdata-wp-init=\"callbacks.initTriggerButton\"\n\t\t\tdata-wp-on--click=\"actions.showLightbox\"\n\t\t\tdata-wp-style--right=\"state.imageButtonRight\"\n\t\t\tdata-wp-style--top=\"state.imageButtonTop\"\n\t\t>\n\t\t\t<svg xmlns=\"http:\/\/www.w3.org\/2000\/svg\" width=\"12\" height=\"12\" fill=\"none\" viewBox=\"0 0 12 12\">\n\t\t\t\t<path fill=\"#fff\" d=\"M2 0a2 2 0 0 0-2 2v2h1.5V2a.5.5 0 0 1 .5-.5h2V0H2Zm2 10.5H2a.5.5 0 0 1-.5-.5V8H0v2a2 2 0 0 0 2 2h2v-1.5ZM8 12v-1.5h2a.5.5 0 0 0 .5-.5V8H12v2a2 2 0 0 1-2 2H8Zm2-12a2 2 0 0 1 2 2v2h-1.5V2a.5.5 0 0 0-.5-.5H8V0h2Z\" \/>\n\t\t\t<\/svg>\n\t\t<\/button><\/figure>\n\n\n\n<figure data-wp-context=\"{&quot;imageId&quot;:&quot;69e06bb46f0f5&quot;}\" data-wp-interactive=\"core\/image\" data-wp-key=\"69e06bb46f0f5\" class=\"wp-block-image size-medium wp-lightbox-container\"><img loading=\"lazy\" decoding=\"async\" width=\"300\" height=\"200\" data-wp-class--hide=\"state.isContentHidden\" data-wp-class--show=\"state.isContentVisible\" data-wp-init=\"callbacks.setButtonStyles\" data-wp-on--click=\"actions.showLightbox\" data-wp-on--load=\"callbacks.setButtonStyles\" data-wp-on-window--resize=\"callbacks.setButtonStyles\" data-id=\"157\" src=\"https:\/\/gite-kergonan.fr\/wp-content\/uploads\/2024\/01\/FKL_4218-bis-300x200.jpg\" alt=\"\" class=\"wp-image-157\" srcset=\"https:\/\/gite-kergonan.fr\/wp-content\/uploads\/2024\/01\/FKL_4218-bis-300x200.jpg 300w, https:\/\/gite-kergonan.fr\/wp-content\/uploads\/2024\/01\/FKL_4218-bis-768x513.jpg 768w, https:\/\/gite-kergonan.fr\/wp-content\/uploads\/2024\/01\/FKL_4218-bis.jpg 945w\" sizes=\"auto, (max-width: 300px) 100vw, 300px\" \/><button\n\t\t\tclass=\"lightbox-trigger\"\n\t\t\ttype=\"button\"\n\t\t\taria-haspopup=\"dialog\"\n\t\t\taria-label=\"Enlarge\"\n\t\t\tdata-wp-init=\"callbacks.initTriggerButton\"\n\t\t\tdata-wp-on--click=\"actions.showLightbox\"\n\t\t\tdata-wp-style--right=\"state.imageButtonRight\"\n\t\t\tdata-wp-style--top=\"state.imageButtonTop\"\n\t\t>\n\t\t\t<svg xmlns=\"http:\/\/www.w3.org\/2000\/svg\" width=\"12\" height=\"12\" fill=\"none\" viewBox=\"0 0 12 12\">\n\t\t\t\t<path fill=\"#fff\" d=\"M2 0a2 2 0 0 0-2 2v2h1.5V2a.5.5 0 0 1 .5-.5h2V0H2Zm2 10.5H2a.5.5 0 0 1-.5-.5V8H0v2a2 2 0 0 0 2 2h2v-1.5ZM8 12v-1.5h2a.5.5 0 0 0 .5-.5V8H12v2a2 2 0 0 1-2 2H8Zm2-12a2 2 0 0 1 2 2v2h-1.5V2a.5.5 0 0 0-.5-.5H8V0h2Z\" \/>\n\t\t\t<\/svg>\n\t\t<\/button><\/figure>\n\n\n\n<figure data-wp-context=\"{&quot;imageId&quot;:&quot;69e06bb46f58d&quot;}\" data-wp-interactive=\"core\/image\" data-wp-key=\"69e06bb46f58d\" class=\"wp-block-image size-medium wp-lightbox-container\"><img loading=\"lazy\" decoding=\"async\" width=\"300\" height=\"200\" data-wp-class--hide=\"state.isContentHidden\" data-wp-class--show=\"state.isContentVisible\" data-wp-init=\"callbacks.setButtonStyles\" data-wp-on--click=\"actions.showLightbox\" data-wp-on--load=\"callbacks.setButtonStyles\" data-wp-on-window--resize=\"callbacks.setButtonStyles\" data-id=\"160\" src=\"https:\/\/gite-kergonan.fr\/wp-content\/uploads\/2024\/01\/FKL_4142-300x200.jpg\" alt=\"\" class=\"wp-image-160\" srcset=\"https:\/\/gite-kergonan.fr\/wp-content\/uploads\/2024\/01\/FKL_4142-300x200.jpg 300w, https:\/\/gite-kergonan.fr\/wp-content\/uploads\/2024\/01\/FKL_4142-1024x683.jpg 1024w, https:\/\/gite-kergonan.fr\/wp-content\/uploads\/2024\/01\/FKL_4142-768x513.jpg 768w, https:\/\/gite-kergonan.fr\/wp-content\/uploads\/2024\/01\/FKL_4142-1536x1025.jpg 1536w\" sizes=\"auto, (max-width: 300px) 100vw, 300px\" \/><button\n\t\t\tclass=\"lightbox-trigger\"\n\t\t\ttype=\"button\"\n\t\t\taria-haspopup=\"dialog\"\n\t\t\taria-label=\"Enlarge\"\n\t\t\tdata-wp-init=\"callbacks.initTriggerButton\"\n\t\t\tdata-wp-on--click=\"actions.showLightbox\"\n\t\t\tdata-wp-style--right=\"state.imageButtonRight\"\n\t\t\tdata-wp-style--top=\"state.imageButtonTop\"\n\t\t>\n\t\t\t<svg xmlns=\"http:\/\/www.w3.org\/2000\/svg\" width=\"12\" height=\"12\" fill=\"none\" viewBox=\"0 0 12 12\">\n\t\t\t\t<path fill=\"#fff\" d=\"M2 0a2 2 0 0 0-2 2v2h1.5V2a.5.5 0 0 1 .5-.5h2V0H2Zm2 10.5H2a.5.5 0 0 1-.5-.5V8H0v2a2 2 0 0 0 2 2h2v-1.5ZM8 12v-1.5h2a.5.5 0 0 0 .5-.5V8H12v2a2 2 0 0 1-2 2H8Zm2-12a2 2 0 0 1 2 2v2h-1.5V2a.5.5 0 0 0-.5-.5H8V0h2Z\" \/>\n\t\t\t<\/svg>\n\t\t<\/button><\/figure>\n\n\n\n<figure data-wp-context=\"{&quot;imageId&quot;:&quot;69e06bb46f934&quot;}\" data-wp-interactive=\"core\/image\" data-wp-key=\"69e06bb46f934\" class=\"wp-block-image size-large wp-lightbox-container\"><img loading=\"lazy\" decoding=\"async\" width=\"1024\" height=\"683\" data-wp-class--hide=\"state.isContentHidden\" data-wp-class--show=\"state.isContentVisible\" data-wp-init=\"callbacks.setButtonStyles\" data-wp-on--click=\"actions.showLightbox\" data-wp-on--load=\"callbacks.setButtonStyles\" data-wp-on-window--resize=\"callbacks.setButtonStyles\" data-id=\"159\" src=\"https:\/\/gite-kergonan.fr\/wp-content\/uploads\/2024\/01\/FKL_4141-1024x683.jpg\" alt=\"\" class=\"wp-image-159\" srcset=\"https:\/\/gite-kergonan.fr\/wp-content\/uploads\/2024\/01\/FKL_4141-1024x683.jpg 1024w, https:\/\/gite-kergonan.fr\/wp-content\/uploads\/2024\/01\/FKL_4141-300x200.jpg 300w, https:\/\/gite-kergonan.fr\/wp-content\/uploads\/2024\/01\/FKL_4141-768x513.jpg 768w, https:\/\/gite-kergonan.fr\/wp-content\/uploads\/2024\/01\/FKL_4141-1536x1025.jpg 1536w\" sizes=\"auto, (max-width: 1024px) 100vw, 1024px\" \/><button\n\t\t\tclass=\"lightbox-trigger\"\n\t\t\ttype=\"button\"\n\t\t\taria-haspopup=\"dialog\"\n\t\t\taria-label=\"Enlarge\"\n\t\t\tdata-wp-init=\"callbacks.initTriggerButton\"\n\t\t\tdata-wp-on--click=\"actions.showLightbox\"\n\t\t\tdata-wp-style--right=\"state.imageButtonRight\"\n\t\t\tdata-wp-style--top=\"state.imageButtonTop\"\n\t\t>\n\t\t\t<svg xmlns=\"http:\/\/www.w3.org\/2000\/svg\" width=\"12\" height=\"12\" fill=\"none\" viewBox=\"0 0 12 12\">\n\t\t\t\t<path fill=\"#fff\" d=\"M2 0a2 2 0 0 0-2 2v2h1.5V2a.5.5 0 0 1 .5-.5h2V0H2Zm2 10.5H2a.5.5 0 0 1-.5-.5V8H0v2a2 2 0 0 0 2 2h2v-1.5ZM8 12v-1.5h2a.5.5 0 0 0 .5-.5V8H12v2a2 2 0 0 1-2 2H8Zm2-12a2 2 0 0 1 2 2v2h-1.5V2a.5.5 0 0 0-.5-.5H8V0h2Z\" \/>\n\t\t\t<\/svg>\n\t\t<\/button><\/figure>\n<\/figure>\n\n\n\n<p class=\"has-text-align-center\"> \n<iframe loading=\"lazy\" src=\"https:\/\/www.cybevasion.fr\/annonces_planning.php?id_annonce=93458&#038;id_structure=134678&#038;langue=fr&#038;transparent\" name=\"planning\" width=\"600\" height=\"825\" frameborder=\"0\"><\/iframe>\n","protected":false},"excerpt":{"rendered":"<p>Le g\u00eete est constitu\u00e9 d&#8217;une pi\u00e8ce de vie avec table, t\u00e9l\u00e9vision, fauteuils, d&#8217;une cuisine avec plaque vitro c\u00e9ramique, four, micro onde, r\u00e9frig\u00e9rateur, cafeti\u00e8re &#8230;, d&#8217;une chambre avec lit de 160, un petit bureau et d&#8217;une salle d&#8217;eau avec douche \u00e0 l&#8217;italienne et wc. Une terrasse privative avec table de jardin et relax pour votre repos.<\/p>\n","protected":false},"author":1,"featured_media":26,"parent":0,"menu_order":-3,"comment_status":"closed","ping_status":"closed","template":"","meta":{"footnotes":""},"class_list":["post-24","page","type-page","status-publish","has-post-thumbnail","hentry","entry"],"_links":{"self":[{"href":"https:\/\/gite-kergonan.fr\/index.php?rest_route=\/wp\/v2\/pages\/24","targetHints":{"allow":["GET"]}}],"collection":[{"href":"https:\/\/gite-kergonan.fr\/index.php?rest_route=\/wp\/v2\/pages"}],"about":[{"href":"https:\/\/gite-kergonan.fr\/index.php?rest_route=\/wp\/v2\/types\/page"}],"author":[{"embeddable":true,"href":"https:\/\/gite-kergonan.fr\/index.php?rest_route=\/wp\/v2\/users\/1"}],"replies":[{"embeddable":true,"href":"https:\/\/gite-kergonan.fr\/index.php?rest_route=%2Fwp%2Fv2%2Fcomments&post=24"}],"version-history":[{"count":20,"href":"https:\/\/gite-kergonan.fr\/index.php?rest_route=\/wp\/v2\/pages\/24\/revisions"}],"predecessor-version":[{"id":293,"href":"https:\/\/gite-kergonan.fr\/index.php?rest_route=\/wp\/v2\/pages\/24\/revisions\/293"}],"wp:featuredmedia":[{"embeddable":true,"href":"https:\/\/gite-kergonan.fr\/index.php?rest_route=\/wp\/v2\/media\/26"}],"wp:attachment":[{"href":"https:\/\/gite-kergonan.fr\/index.php?rest_route=%2Fwp%2Fv2%2Fmedia&parent=24"}],"curies":[{"name":"wp","href":"https:\/\/api.w.org\/{rel}","templated":true}]}}